{"id":148,"date":"2024-06-06T10:57:28","date_gmt":"2024-06-06T08:57:28","guid":{"rendered":"https:\/\/lumiedt.cluster029.hosting.ovh.net\/?page_id=148"},"modified":"2024-06-28T16:49:09","modified_gmt":"2024-06-28T14:49:09","slug":"qui-sommes-nous","status":"publish","type":"page","link":"https:\/\/lumi-edu.fr\/index.php\/qui-sommes-nous\/","title":{"rendered":"Qui sommes nous?"},"content":{"rendered":"\t\t<div data-elementor-type=\"wp-page\" data-elementor-id=\"148\" class=\"elementor elementor-148\" data-elementor-post-type=\"page\">\n\t\t\t\t<div class=\"elementor-element elementor-element-a4c5669 e-flex e-con-boxed e-con e-parent\" data-id=\"a4c5669\" data-element_type=\"container\" data-e-type=\"container\">\n\t\t\t\t\t<div class=\"e-con-inner\">\n\t\t<div class=\"elementor-element elementor-element-d6ac8fd e-con-full e-flex e-con e-child\" data-id=\"d6ac8fd\" data-element_type=\"container\" data-e-type=\"container\">\n\t\t\t\t<div class=\"elementor-element elementor-element-d83d9b5 elementor-widget elementor-widget-spacer\" data-id=\"d83d9b5\" data-element_type=\"widget\" data-e-type=\"widget\" data-widget_type=\"spacer.default\">\n\t\t\t\t<div class=\"elementor-widget-container\">\n\t\t\t\t\t\t\t<div class=\"elementor-spacer\">\n\t\t\t<div class=\"elementor-spacer-inner\"><\/div>\n\t\t<\/div>\n\t\t\t\t\t\t<\/div>\n\t\t\t\t<\/div>\n\t\t\t\t<div class=\"elementor-element elementor-element-d558d1b elementor-widget__width-initial elementor-widget elementor-widget-heading\" data-id=\"d558d1b\" data-element_type=\"widget\" data-e-type=\"widget\" data-widget_type=\"heading.default\">\n\t\t\t\t<div class=\"elementor-widget-container\">\n\t\t\t\t\t<h2 class=\"elementor-heading-title elementor-size-default\">Qu'est ce que Lumi?<\/h2>\t\t\t\t<\/div>\n\t\t\t\t<\/div>\n\t\t\t\t<\/div>\n\t\t\t\t\t<\/div>\n\t\t\t\t<\/div>\n\t\t<div class=\"elementor-element elementor-element-cef8605 e-flex e-con-boxed e-con e-parent\" data-id=\"cef8605\" data-element_type=\"container\" data-e-type=\"container\">\n\t\t\t\t\t<div class=\"e-con-inner\">\n\t\t\t\t<div class=\"elementor-element elementor-element-bf6024d elementor-widget elementor-widget-heading\" data-id=\"bf6024d\" data-element_type=\"widget\" data-e-type=\"widget\" data-widget_type=\"heading.default\">\n\t\t\t\t<div class=\"elementor-widget-container\">\n\t\t\t\t\t<h2 class=\"elementor-heading-title elementor-size-default\">Notre mission<\/h2>\t\t\t\t<\/div>\n\t\t\t\t<\/div>\n\t\t\t\t<div class=\"elementor-element elementor-element-3d76205 elementor-widget__width-initial elementor-widget elementor-widget-text-editor\" data-id=\"3d76205\" data-element_type=\"widget\" data-e-type=\"widget\" data-widget_type=\"text-editor.default\">\n\t\t\t\t<div class=\"elementor-widget-container\">\n\t\t\t\t\t\t\t\t\t<p><span style=\"font-family: var( --e-global-typography-text-font-family ), Sans-serif; font-size: var( --e-global-typography-text-font-size ); font-weight: var( --e-global-typography-text-font-weight );\">Lumi est n\u00e9 d&rsquo;une passion pour le cin\u00e9ma et du d\u00e9sir de la partager. Ainsi, Lumi souhaite pr\u00e9parer les nouvelles g\u00e9n\u00e9rations au monde travers\u00e9 de flux audiovisuels, dans lequel ils sont appel\u00e9s \u00e0 vivre. Pour cela, Lumi propose des interventions et des ateliers d&rsquo;\u00e9ducation au langage de l&rsquo;image et plus g\u00e9n\u00e9ralement de sensibilisation aux m\u00e9dias visuels.&nbsp;<\/span><\/p>\n<p>Juridiquement, Lumi est une micro-entreprise que j&rsquo;ai fond\u00e9e en 2024. Titulaire d&rsquo;un master d&rsquo;\u00e9tudes cin\u00e9matographiques et d&rsquo;un master de th\u00e9ologie des arts, je me suis sp\u00e9cialis\u00e9 dans l&rsquo;\u00e9tude de l&rsquo;influence des images et des algorithmes marchands sur les individus et sur la soci\u00e9t\u00e9. \u00c0 partir de penseurs tels que Theodor Adorno, Roland Barthes, Bernard Stiegler, Yves Citton, Eva Illouz, Julia Cag\u00e9, je poursuis une r\u00e9flexion critique sur le fonctionnement de nos m\u00e9dias et la n\u00e9cessit\u00e9 de les r\u00e9former.&nbsp;<\/p><p>Le terme Lumi qui se prononce \u00ab\u00a0loumi\u00a0\u00bb vient de l&rsquo;esp\u00e9ranto et signifie \u00ab\u00a0\u00e9clairer\u00a0\u00bb : \u00e9clairer les images pour qu&rsquo;\u00e0 leur tour elles \u00e9clairent notre intelligence et notre monde.&nbsp;<\/p>\n<p>\u2192 <a href=\"https:\/\/www.canva.com\/design\/DAGIL1HlD1s\/vOZz92D_RBS_NCwR7MAUWA\/view?utm_content=DAGIL1HlD1s&amp;utm_campaign=designshare&amp;utm_medium=link&amp;utm_source=editor\">Curriculum vitae<\/a><\/p>\t\t\t\t\t\t\t\t<\/div>\n\t\t\t\t<\/div>\n\t\t\t\t<div class=\"elementor-element elementor-element-73399d6 elementor-widget elementor-widget-spacer\" data-id=\"73399d6\" data-element_type=\"widget\" data-e-type=\"widget\" data-widget_type=\"spacer.default\">\n\t\t\t\t<div class=\"elementor-widget-container\">\n\t\t\t\t\t\t\t<div class=\"elementor-spacer\">\n\t\t\t<div class=\"elementor-spacer-inner\"><\/div>\n\t\t<\/div>\n\t\t\t\t\t\t<\/div>\n\t\t\t\t<\/div>\n\t\t\t\t\t<\/div>\n\t\t\t\t<\/div>\n\t\t<div class=\"elementor-element elementor-element-fcb1613 e-flex e-con-boxed e-con e-parent\" data-id=\"fcb1613\" data-element_type=\"container\" data-e-type=\"container\">\n\t\t\t\t\t<div class=\"e-con-inner\">\n\t\t<div class=\"elementor-element elementor-element-a2f9429 e-con-full e-flex e-con e-child\" data-id=\"a2f9429\" data-element_type=\"container\" data-e-type=\"container\">\n\t\t\t\t<div class=\"elementor-element elementor-element-13fb2fb elementor-widget elementor-widget-image\" data-id=\"13fb2fb\" data-element_type=\"widget\" data-e-type=\"widget\" data-widget_type=\"image.default\">\n\t\t\t\t<div class=\"elementor-widget-container\">\n\t\t\t\t\t\t\t\t\t\t\t\t\t\t\t<img fetchpriority=\"high\" decoding=\"async\" width=\"683\" height=\"1024\" src=\"https:\/\/lumi-edu.fr\/wp-content\/uploads\/2024\/06\/denise-jans-9lTUAlNB87M-unsplash-683x1024.jpg\" class=\"attachment-large size-large wp-image-653\" alt=\"\" srcset=\"https:\/\/lumi-edu.fr\/wp-content\/uploads\/2024\/06\/denise-jans-9lTUAlNB87M-unsplash-683x1024.jpg 683w, https:\/\/lumi-edu.fr\/wp-content\/uploads\/2024\/06\/denise-jans-9lTUAlNB87M-unsplash-200x300.jpg 200w, https:\/\/lumi-edu.fr\/wp-content\/uploads\/2024\/06\/denise-jans-9lTUAlNB87M-unsplash-768x1152.jpg 768w, https:\/\/lumi-edu.fr\/wp-content\/uploads\/2024\/06\/denise-jans-9lTUAlNB87M-unsplash-1024x1536.jpg 1024w, https:\/\/lumi-edu.fr\/wp-content\/uploads\/2024\/06\/denise-jans-9lTUAlNB87M-unsplash-1365x2048.jpg 1365w, https:\/\/lumi-edu.fr\/wp-content\/uploads\/2024\/06\/denise-jans-9lTUAlNB87M-unsplash-scaled.jpg 1707w\" sizes=\"(max-width: 683px) 100vw, 683px\" \/>\t\t\t\t\t\t\t\t\t\t\t\t\t\t\t<\/div>\n\t\t\t\t<\/div>\n\t\t\t\t<\/div>\n\t\t<div class=\"elementor-element elementor-element-e7c0e0e e-con-full e-flex e-con e-child\" data-id=\"e7c0e0e\" data-element_type=\"container\" data-e-type=\"container\">\n\t\t<div class=\"elementor-element elementor-element-2b6588a e-flex e-con-boxed e-con e-child\" data-id=\"2b6588a\" data-element_type=\"container\" data-e-type=\"container\">\n\t\t\t\t\t<div class=\"e-con-inner\">\n\t\t\t\t<div class=\"elementor-element elementor-element-2e40331 elementor-widget elementor-widget-heading\" data-id=\"2e40331\" data-element_type=\"widget\" data-e-type=\"widget\" data-widget_type=\"heading.default\">\n\t\t\t\t<div class=\"elementor-widget-container\">\n\t\t\t\t\t<h2 class=\"elementor-heading-title elementor-size-default\">R\u00e9alisations<\/h2>\t\t\t\t<\/div>\n\t\t\t\t<\/div>\n\t\t\t\t<div class=\"elementor-element elementor-element-b348fe4 elementor-widget elementor-widget-text-editor\" data-id=\"b348fe4\" data-element_type=\"widget\" data-e-type=\"widget\" data-widget_type=\"text-editor.default\">\n\t\t\t\t<div class=\"elementor-widget-container\">\n\t\t\t\t\t\t\t\t\t<p>Au cours de ces 20 derni\u00e8res ann\u00e9es, j&rsquo;ai \u00e9t\u00e9 amen\u00e9 \u00e0 r\u00e9aliser de nombreux films courts pour un site internet de spiritualit\u00e9, pour un magazine alsacien et pour un parti politique, EDE (Europe D\u00e9mocratie Esp\u00e9ranto).\u00a0 Voici quelques exemples :\u00a0<\/p><ul><li><a href=\"https:\/\/youtu.be\/IR43AX1qfXA?si=2P_Ua2Ho0KfA5l_I\">film de campagne du parti EDE<\/a> pour les \u00e9lections europ\u00e9ennes de 2024,<\/li><li>s\u00e9rie de 7 films <a href=\"https:\/\/www.youtube.com\/watch?v=fx0ETvj2GPk&amp;list=PLA-HWHDylRD62el7tZPEnndBc-UmwbJUJ\"><em>Les 7 visages de Dominique<\/em><\/a><\/li><li>s\u00e9rie <a href=\"https:\/\/www.youtube.com\/watch?v=MPZVsLtckNA&amp;list=PLA-HWHDylRD7B6bYuWAjpDF80zip4Wsdb\">Les 7 dons de l&rsquo;Esprit<\/a><\/li><li>Teaser <a href=\"https:\/\/youtu.be\/2IbVFFv2zLM?si=o_BzpZtO3x2fgpNc\"><em>Marche dans la Bible<\/em><\/a> avec une partie en images d&rsquo;animation r\u00e9alis\u00e9e \u00e0 partir de cr\u00e9ations en papier d\u00e9coup\u00e9<\/li><\/ul><p><span style=\"font-family: var( --e-global-typography-text-font-family ), Sans-serif; font-size: var( --e-global-typography-text-font-size ); font-weight: var( --e-global-typography-text-font-weight ); text-align: var(--text-align);\">\u00a0<\/span><\/p><p>\u00a0<\/p>\t\t\t\t\t\t\t\t<\/div>\n\t\t\t\t<\/div>\n\t\t\t\t\t<\/div>\n\t\t\t\t<\/div>\n\t\t\t\t<\/div>\n\t\t\t\t\t<\/div>\n\t\t\t\t<\/div>\n\t\t<div class=\"elementor-element elementor-element-ecaa39f e-flex e-con-boxed e-con e-parent\" data-id=\"ecaa39f\" data-element_type=\"container\" data-e-type=\"container\">\n\t\t\t\t\t<div class=\"e-con-inner\">\n\t\t<div class=\"elementor-element elementor-element-debc611 e-con-full e-flex e-con e-child\" data-id=\"debc611\" data-element_type=\"container\" data-e-type=\"container\">\n\t\t<div class=\"elementor-element elementor-element-d92282a e-flex e-con-boxed e-con e-child\" data-id=\"d92282a\" data-element_type=\"container\" data-e-type=\"container\">\n\t\t\t\t\t<div class=\"e-con-inner\">\n\t\t\t\t<div class=\"elementor-element elementor-element-c1f0378 elementor-widget elementor-widget-heading\" data-id=\"c1f0378\" data-element_type=\"widget\" data-e-type=\"widget\" data-widget_type=\"heading.default\">\n\t\t\t\t<div class=\"elementor-widget-container\">\n\t\t\t\t\t<h2 class=\"elementor-heading-title elementor-size-default\">Nos engagements<\/h2>\t\t\t\t<\/div>\n\t\t\t\t<\/div>\n\t\t\t\t<div class=\"elementor-element elementor-element-20577f4 elementor-widget elementor-widget-text-editor\" data-id=\"20577f4\" data-element_type=\"widget\" data-e-type=\"widget\" data-widget_type=\"text-editor.default\">\n\t\t\t\t<div class=\"elementor-widget-container\">\n\t\t\t\t\t\t\t\t\t<p><span style=\"color: #000000; text-align: justify; font-family: var( --e-global-typography-text-font-family ), Sans-serif; font-size: var( --e-global-typography-text-font-size ); font-weight: var( --e-global-typography-text-font-weight );\">Chaque atelier est con\u00e7u pour \u00eatre informatif, engageant et adapt\u00e9 aux besoins sp\u00e9cifiques de nos participants. Nous nous inspirons des propositions d&rsquo;<\/span><a style=\"font-family: var( --e-global-typography-text-font-family ), Sans-serif; font-size: var( --e-global-typography-text-font-size ); font-weight: var( --e-global-typography-text-font-weight ); background-color: #ffeaca; text-align: justify;\" href=\"https:\/\/eduscol.education.fr\/\">\u00e9duscol<\/a>, le\u00a0<span style=\"font-family: var( --e-global-typography-text-font-family ), Sans-serif; font-size: var( --e-global-typography-text-font-size ); font-weight: var( --e-global-typography-text-font-weight ); color: #000000; text-align: justify;\">site officiel de l&rsquo;\u00e9ducation nationale et de <a href=\"https:\/\/www.lumni.fr\/\">lumni<\/a>, le site officiel de l&rsquo;audiovisuel publique.<\/span><span style=\"font-family: var( --e-global-typography-text-font-family ), Sans-serif; font-size: var( --e-global-typography-text-font-size ); font-weight: var( --e-global-typography-text-font-weight ); text-align: var(--text-align);\">\u00a0Notre d\u00e9marche se situe dans la suite du <a href=\"https:\/\/lumi-edu.fr\/index.php\/la-commission-ecrans\/\">rapport de la Commission d&rsquo;experts sur l&rsquo;impact de l&rsquo;exposition des jeunes aux \u00e9crans<\/a>.\u00a0<\/span><\/p>\t\t\t\t\t\t\t\t<\/div>\n\t\t\t\t<\/div>\n\t\t\t\t\t<\/div>\n\t\t\t\t<\/div>\n\t\t\t\t<\/div>\n\t\t<div class=\"elementor-element elementor-element-0371789 e-con-full e-flex e-con e-child\" data-id=\"0371789\" data-element_type=\"container\" data-e-type=\"container\">\n\t\t\t\t<div class=\"elementor-element elementor-element-55925f7 elementor-widget elementor-widget-image\" data-id=\"55925f7\" data-element_type=\"widget\" data-e-type=\"widget\" data-widget_type=\"image.default\">\n\t\t\t\t<div class=\"elementor-widget-container\">\n\t\t\t\t\t\t\t\t\t\t\t\t\t\t\t<img decoding=\"async\" width=\"1024\" height=\"683\" src=\"https:\/\/lumi-edu.fr\/wp-content\/uploads\/2024\/06\/kelly-sikkema-XX2WTbLr3r8-unsplash-1024x683.jpg\" class=\"attachment-large size-large wp-image-651\" alt=\"\" srcset=\"https:\/\/lumi-edu.fr\/wp-content\/uploads\/2024\/06\/kelly-sikkema-XX2WTbLr3r8-unsplash-1024x683.jpg 1024w, https:\/\/lumi-edu.fr\/wp-content\/uploads\/2024\/06\/kelly-sikkema-XX2WTbLr3r8-unsplash-300x200.jpg 300w, https:\/\/lumi-edu.fr\/wp-content\/uploads\/2024\/06\/kelly-sikkema-XX2WTbLr3r8-unsplash-768x512.jpg 768w, https:\/\/lumi-edu.fr\/wp-content\/uploads\/2024\/06\/kelly-sikkema-XX2WTbLr3r8-unsplash-1536x1024.jpg 1536w, https:\/\/lumi-edu.fr\/wp-content\/uploads\/2024\/06\/kelly-sikkema-XX2WTbLr3r8-unsplash-2048x1365.jpg 2048w\" sizes=\"(max-width: 1024px) 100vw, 1024px\" \/>\t\t\t\t\t\t\t\t\t\t\t\t\t\t\t<\/div>\n\t\t\t\t<\/div>\n\t\t\t\t<\/div>\n\t\t\t\t\t<\/div>\n\t\t\t\t<\/div>\n\t\t<div class=\"elementor-element elementor-element-c40cc47 e-flex e-con-boxed e-con e-parent\" data-id=\"c40cc47\" data-element_type=\"container\" data-e-type=\"container\">\n\t\t\t\t\t<div class=\"e-con-inner\">\n\t\t\t\t<div class=\"elementor-element elementor-element-853256f elementor-widget elementor-widget-spacer\" data-id=\"853256f\" data-element_type=\"widget\" data-e-type=\"widget\" data-widget_type=\"spacer.default\">\n\t\t\t\t<div class=\"elementor-widget-container\">\n\t\t\t\t\t\t\t<div class=\"elementor-spacer\">\n\t\t\t<div class=\"elementor-spacer-inner\"><\/div>\n\t\t<\/div>\n\t\t\t\t\t\t<\/div>\n\t\t\t\t<\/div>\n\t\t\t\t<div class=\"elementor-element elementor-element-7932a89 elementor-widget elementor-widget-heading\" data-id=\"7932a89\" data-element_type=\"widget\" data-e-type=\"widget\" data-widget_type=\"heading.default\">\n\t\t\t\t<div class=\"elementor-widget-container\">\n\t\t\t\t\t<h2 class=\"elementor-heading-title elementor-size-default\">Nos Ateliers<\/h2>\t\t\t\t<\/div>\n\t\t\t\t<\/div>\n\t\t\t\t\t<\/div>\n\t\t\t\t<\/div>\n\t\t<div class=\"elementor-element elementor-element-4b77edf e-flex e-con-boxed e-con e-parent\" data-id=\"4b77edf\" data-element_type=\"container\" data-e-type=\"container\">\n\t\t\t\t\t<div class=\"e-con-inner\">\n\t\t<div class=\"elementor-element elementor-element-83f52a1 e-con-full e-flex e-con e-child\" data-id=\"83f52a1\" data-element_type=\"container\" data-e-type=\"container\">\n\t\t\t\t<div class=\"elementor-element elementor-element-2bf7640 elementor-widget elementor-widget-image\" data-id=\"2bf7640\" data-element_type=\"widget\" data-e-type=\"widget\" data-widget_type=\"image.default\">\n\t\t\t\t<div class=\"elementor-widget-container\">\n\t\t\t\t\t\t\t\t\t\t\t\t\t\t\t\t<a href=\"https:\/\/lumi-edu.fr\/index.php\/education-a-limage\/\">\n\t\t\t\t\t\t\t<img decoding=\"async\" width=\"1024\" height=\"683\" src=\"https:\/\/lumi-edu.fr\/wp-content\/uploads\/2024\/06\/educatioon-1024x683.png\" class=\"attachment-large size-large wp-image-413\" alt=\"\" srcset=\"https:\/\/lumi-edu.fr\/wp-content\/uploads\/2024\/06\/educatioon-1024x683.png 1024w, https:\/\/lumi-edu.fr\/wp-content\/uploads\/2024\/06\/educatioon-300x200.png 300w, https:\/\/lumi-edu.fr\/wp-content\/uploads\/2024\/06\/educatioon-768x512.png 768w, https:\/\/lumi-edu.fr\/wp-content\/uploads\/2024\/06\/educatioon.png 1452w\" sizes=\"(max-width: 1024px) 100vw, 1024px\" \/>\t\t\t\t\t\t\t\t<\/a>\n\t\t\t\t\t\t\t\t\t\t\t\t\t\t\t<\/div>\n\t\t\t\t<\/div>\n\t\t\t\t<\/div>\n\t\t<div class=\"elementor-element elementor-element-340a23f e-con-full e-flex e-con e-child\" data-id=\"340a23f\" data-element_type=\"container\" data-e-type=\"container\">\n\t\t\t\t<div class=\"elementor-element elementor-element-498f5da elementor-widget elementor-widget-image\" data-id=\"498f5da\" data-element_type=\"widget\" data-e-type=\"widget\" data-widget_type=\"image.default\">\n\t\t\t\t<div class=\"elementor-widget-container\">\n\t\t\t\t\t\t\t\t\t\t\t\t\t\t\t\t<a href=\"https:\/\/lumi-edu.fr\/index.php\/dependance-et-influence-des-images\/\">\n\t\t\t\t\t\t\t<img loading=\"lazy\" decoding=\"async\" width=\"1024\" height=\"683\" src=\"https:\/\/lumi-edu.fr\/wp-content\/uploads\/2024\/06\/dependance-1024x683.png\" class=\"attachment-large size-large wp-image-412\" alt=\"\" srcset=\"https:\/\/lumi-edu.fr\/wp-content\/uploads\/2024\/06\/dependance-1024x683.png 1024w, https:\/\/lumi-edu.fr\/wp-content\/uploads\/2024\/06\/dependance-300x200.png 300w, https:\/\/lumi-edu.fr\/wp-content\/uploads\/2024\/06\/dependance-768x512.png 768w, https:\/\/lumi-edu.fr\/wp-content\/uploads\/2024\/06\/dependance.png 1452w\" sizes=\"(max-width: 1024px) 100vw, 1024px\" \/>\t\t\t\t\t\t\t\t<\/a>\n\t\t\t\t\t\t\t\t\t\t\t\t\t\t\t<\/div>\n\t\t\t\t<\/div>\n\t\t\t\t<\/div>\n\t\t<div class=\"elementor-element elementor-element-aa795a3 e-con-full e-flex e-con e-child\" data-id=\"aa795a3\" data-element_type=\"container\" data-e-type=\"container\">\n\t\t\t\t<div class=\"elementor-element elementor-element-62c9c4d elementor-widget elementor-widget-image\" data-id=\"62c9c4d\" data-element_type=\"widget\" data-e-type=\"widget\" data-widget_type=\"image.default\">\n\t\t\t\t<div class=\"elementor-widget-container\">\n\t\t\t\t\t\t\t\t\t\t\t\t\t\t\t\t<a href=\"https:\/\/lumi-edu.fr\/index.php\/sensibilisation-des-parents\/\">\n\t\t\t\t\t\t\t<img loading=\"lazy\" decoding=\"async\" width=\"1024\" height=\"683\" src=\"https:\/\/lumi-edu.fr\/wp-content\/uploads\/2024\/06\/sensibilisation-1024x683.png\" class=\"attachment-large size-large wp-image-414\" alt=\"\" srcset=\"https:\/\/lumi-edu.fr\/wp-content\/uploads\/2024\/06\/sensibilisation-1024x683.png 1024w, https:\/\/lumi-edu.fr\/wp-content\/uploads\/2024\/06\/sensibilisation-300x200.png 300w, https:\/\/lumi-edu.fr\/wp-content\/uploads\/2024\/06\/sensibilisation-768x512.png 768w, https:\/\/lumi-edu.fr\/wp-content\/uploads\/2024\/06\/sensibilisation.png 1452w\" sizes=\"(max-width: 1024px) 100vw, 1024px\" \/>\t\t\t\t\t\t\t\t<\/a>\n\t\t\t\t\t\t\t\t\t\t\t\t\t\t\t<\/div>\n\t\t\t\t<\/div>\n\t\t\t\t<\/div>\n\t\t<div class=\"elementor-element elementor-element-5f8c218 e-con-full e-flex e-con e-child\" data-id=\"5f8c218\" data-element_type=\"container\" data-e-type=\"container\">\n\t\t\t\t<div class=\"elementor-element elementor-element-96655a5 elementor-widget elementor-widget-image\" data-id=\"96655a5\" data-element_type=\"widget\" data-e-type=\"widget\" data-widget_type=\"image.default\">\n\t\t\t\t<div class=\"elementor-widget-container\">\n\t\t\t\t\t\t\t\t\t\t\t\t\t\t\t\t<a href=\"https:\/\/lumi-edu.fr\/index.php\/ateliers-pratiques\/\">\n\t\t\t\t\t\t\t<img loading=\"lazy\" decoding=\"async\" width=\"1024\" height=\"683\" src=\"https:\/\/lumi-edu.fr\/wp-content\/uploads\/2024\/06\/ateliers-1024x683.png\" class=\"attachment-large size-large wp-image-411\" alt=\"\" srcset=\"https:\/\/lumi-edu.fr\/wp-content\/uploads\/2024\/06\/ateliers-1024x683.png 1024w, https:\/\/lumi-edu.fr\/wp-content\/uploads\/2024\/06\/ateliers-300x200.png 300w, https:\/\/lumi-edu.fr\/wp-content\/uploads\/2024\/06\/ateliers-768x512.png 768w, https:\/\/lumi-edu.fr\/wp-content\/uploads\/2024\/06\/ateliers.png 1452w\" sizes=\"(max-width: 1024px) 100vw, 1024px\" \/>\t\t\t\t\t\t\t\t<\/a>\n\t\t\t\t\t\t\t\t\t\t\t\t\t\t\t<\/div>\n\t\t\t\t<\/div>\n\t\t\t\t<\/div>\n\t\t\t\t\t<\/div>\n\t\t\t\t<\/div>\n\t\t\t\t<\/div>\n\t\t","protected":false},"excerpt":{"rendered":"<p>Qu&rsquo;est ce que Lumi? Notre mission Lumi est n\u00e9 d&rsquo;une passion pour le cin\u00e9ma et du d\u00e9sir de la partager. Ainsi, Lumi souhaite pr\u00e9parer les nouvelles g\u00e9n\u00e9rations au monde travers\u00e9 de flux audiovisuels, dans lequel ils sont appel\u00e9s \u00e0 vivre. Pour cela, Lumi propose des interventions et des ateliers d&rsquo;\u00e9ducation au langage de l&rsquo;image et&#8230;<\/p>\n","protected":false},"author":2,"featured_media":0,"parent":0,"menu_order":0,"comment_status":"closed","ping_status":"closed","template":"elementor_header_footer","meta":{"_kad_post_transparent":"","_kad_post_title":"hide","_kad_post_layout":"fullwidth","_kad_post_sidebar_id":"","_kad_post_content_style":"unboxed","_kad_post_vertical_padding":"hide","_kad_post_feature":"hide","_kad_post_feature_position":"","_kad_post_header":false,"_kad_post_footer":false,"footnotes":""},"class_list":["post-148","page","type-page","status-publish","hentry"],"_links":{"self":[{"href":"https:\/\/lumi-edu.fr\/index.php\/wp-json\/wp\/v2\/pages\/148","targetHints":{"allow":["GET"]}}],"collection":[{"href":"https:\/\/lumi-edu.fr\/index.php\/wp-json\/wp\/v2\/pages"}],"about":[{"href":"https:\/\/lumi-edu.fr\/index.php\/wp-json\/wp\/v2\/types\/page"}],"author":[{"embeddable":true,"href":"https:\/\/lumi-edu.fr\/index.php\/wp-json\/wp\/v2\/users\/2"}],"replies":[{"embeddable":true,"href":"https:\/\/lumi-edu.fr\/index.php\/wp-json\/wp\/v2\/comments?post=148"}],"version-history":[{"count":38,"href":"https:\/\/lumi-edu.fr\/index.php\/wp-json\/wp\/v2\/pages\/148\/revisions"}],"predecessor-version":[{"id":716,"href":"https:\/\/lumi-edu.fr\/index.php\/wp-json\/wp\/v2\/pages\/148\/revisions\/716"}],"wp:attachment":[{"href":"https:\/\/lumi-edu.fr\/index.php\/wp-json\/wp\/v2\/media?parent=148"}],"curies":[{"name":"wp","href":"https:\/\/api.w.org\/{rel}","templated":true}]}}