{"id":102,"date":"2024-06-06T10:32:06","date_gmt":"2024-06-06T08:32:06","guid":{"rendered":"https:\/\/lumiedt.cluster029.hosting.ovh.net\/?page_id=102"},"modified":"2024-06-28T13:02:13","modified_gmt":"2024-06-28T11:02:13","slug":"sensibilisation-des-parents","status":"publish","type":"page","link":"https:\/\/lumi-edu.fr\/index.php\/sensibilisation-des-parents\/","title":{"rendered":"Sensibilisation des parents"},"content":{"rendered":"\t\t<div data-elementor-type=\"wp-page\" data-elementor-id=\"102\" class=\"elementor elementor-102\" data-elementor-post-type=\"page\">\n\t\t\t\t<div class=\"elementor-element elementor-element-95a11c2 e-flex e-con-boxed e-con e-parent\" data-id=\"95a11c2\" data-element_type=\"container\" data-e-type=\"container\">\n\t\t\t\t\t<div class=\"e-con-inner\">\n\t\t\t\t<div class=\"elementor-element elementor-element-e91e0f0 elementor-widget elementor-widget-spacer\" data-id=\"e91e0f0\" data-element_type=\"widget\" data-e-type=\"widget\" data-widget_type=\"spacer.default\">\n\t\t\t\t<div class=\"elementor-widget-container\">\n\t\t\t\t\t\t\t<div class=\"elementor-spacer\">\n\t\t\t<div class=\"elementor-spacer-inner\"><\/div>\n\t\t<\/div>\n\t\t\t\t\t\t<\/div>\n\t\t\t\t<\/div>\n\t\t\t\t<div class=\"elementor-element elementor-element-401d76a elementor-widget elementor-widget-heading\" data-id=\"401d76a\" data-element_type=\"widget\" data-e-type=\"widget\" data-widget_type=\"heading.default\">\n\t\t\t\t<div class=\"elementor-widget-container\">\n\t\t\t\t\t<h2 class=\"elementor-heading-title elementor-size-default\">Sensibilisation des parents<\/h2>\t\t\t\t<\/div>\n\t\t\t\t<\/div>\n\t\t\t\t\t<\/div>\n\t\t\t\t<\/div>\n\t\t<div class=\"elementor-element elementor-element-8a37789 e-flex e-con-boxed e-con e-parent\" data-id=\"8a37789\" data-element_type=\"container\" data-e-type=\"container\">\n\t\t\t\t\t<div class=\"e-con-inner\">\n\t\t\t\t<div class=\"elementor-element elementor-element-bdca5f9 elementor-widget__width-initial elementor-widget elementor-widget-text-editor\" data-id=\"bdca5f9\" data-element_type=\"widget\" data-e-type=\"widget\" data-widget_type=\"text-editor.default\">\n\t\t\t\t<div class=\"elementor-widget-container\">\n\t\t\t\t\t\t\t\t\t<p><span style=\"font-weight: 400;\">Ces ateliers d\u00e9di\u00e9s aux parents, visent \u00e0 partager des outils et des connaissances pour mieux g\u00e9rer l\u2019usage des \u00e9crans par leurs enfants. Echanges et Apports aident les parents \u00e0 comprendre l\u2019influence des images sur les jeunes et \u00e0 instaurer des habitudes num\u00e9riques saines. Cette d\u00e9marche s&rsquo;inscrit dans la ligne de la Commission \u00e9crans pour qui il est \u00ab indispensable d\u2019accompagner au plus t\u00f4t les parents, en commen\u00e7ant notamment par les futurs parents, sur la place des \u00e9crans et du num\u00e9rique. \u00bb<\/span><\/p>\t\t\t\t\t\t\t\t<\/div>\n\t\t\t\t<\/div>\n\t\t\t\t\t<\/div>\n\t\t\t\t<\/div>\n\t\t<div class=\"elementor-element elementor-element-9fe4674 e-flex e-con-boxed e-con e-parent\" data-id=\"9fe4674\" data-element_type=\"container\" data-e-type=\"container\">\n\t\t\t\t\t<div class=\"e-con-inner\">\n\t\t<div class=\"elementor-element elementor-element-5d647ef e-con-full e-flex e-con e-child\" data-id=\"5d647ef\" data-element_type=\"container\" data-e-type=\"container\">\n\t\t<div class=\"elementor-element elementor-element-5258e96 e-con-full e-flex e-con e-child\" data-id=\"5258e96\" data-element_type=\"container\" data-e-type=\"container\">\n\t\t\t\t<div class=\"elementor-element elementor-element-0b0ca60 elementor-widget elementor-widget-heading\" data-id=\"0b0ca60\" data-element_type=\"widget\" data-e-type=\"widget\" data-widget_type=\"heading.default\">\n\t\t\t\t<div class=\"elementor-widget-container\">\n\t\t\t\t\t<h2 class=\"elementor-heading-title elementor-size-default\"><a href=\"https:\/\/lumi-edu.fr\/index.php\/education-a-limage\/\">\u00c9ducation \u00e0 l'image<\/a><\/h2>\t\t\t\t<\/div>\n\t\t\t\t<\/div>\n\t\t\t\t<\/div>\n\t\t<div class=\"elementor-element elementor-element-6abeac6 e-con-full e-flex e-con e-child\" data-id=\"6abeac6\" data-element_type=\"container\" data-e-type=\"container\">\n\t\t\t\t<div class=\"elementor-element elementor-element-accbbd9 elementor-widget__width-initial elementor-widget elementor-widget-heading\" data-id=\"accbbd9\" data-element_type=\"widget\" data-e-type=\"widget\" data-widget_type=\"heading.default\">\n\t\t\t\t<div class=\"elementor-widget-container\">\n\t\t\t\t\t<h2 class=\"elementor-heading-title elementor-size-default\"><a href=\"https:\/\/lumi-edu.fr\/index.php\/dependance-et-influence-des-images\/\">D\u00e9pendance et influence des images<\/a><\/h2>\t\t\t\t<\/div>\n\t\t\t\t<\/div>\n\t\t\t\t<\/div>\n\t\t<div class=\"elementor-element elementor-element-b652b6e e-con-full e-flex e-con e-child\" data-id=\"b652b6e\" data-element_type=\"container\" data-e-type=\"container\">\n\t\t\t\t<div class=\"elementor-element elementor-element-9127d51 elementor-widget elementor-widget-heading\" data-id=\"9127d51\" data-element_type=\"widget\" data-e-type=\"widget\" data-widget_type=\"heading.default\">\n\t\t\t\t<div class=\"elementor-widget-container\">\n\t\t\t\t\t<h2 class=\"elementor-heading-title elementor-size-default\"><a href=\"https:\/\/lumi-edu.fr\/index.php\/sensibilisation-des-parents\/\">Sensibilisation des parents<\/a><\/h2>\t\t\t\t<\/div>\n\t\t\t\t<\/div>\n\t\t\t\t<\/div>\n\t\t<div class=\"elementor-element elementor-element-fa8487b e-flex e-con-boxed e-con e-child\" data-id=\"fa8487b\" data-element_type=\"container\" data-e-type=\"container\">\n\t\t\t\t\t<div class=\"e-con-inner\">\n\t\t\t\t<div class=\"elementor-element elementor-element-af39438 elementor-widget__width-initial elementor-widget elementor-widget-heading\" data-id=\"af39438\" data-element_type=\"widget\" data-e-type=\"widget\" data-widget_type=\"heading.default\">\n\t\t\t\t<div class=\"elementor-widget-container\">\n\t\t\t\t\t<h2 class=\"elementor-heading-title elementor-size-default\"><a href=\"https:\/\/lumi-edu.fr\/index.php\/ateliers-pratiques\/\">Ateliers pratiques<\/a><\/h2>\t\t\t\t<\/div>\n\t\t\t\t<\/div>\n\t\t\t\t\t<\/div>\n\t\t\t\t<\/div>\n\t\t\t\t<\/div>\n\t\t\t\t\t<\/div>\n\t\t\t\t<\/div>\n\t\t<div class=\"elementor-element elementor-element-3183ede e-flex e-con-boxed e-con e-parent\" data-id=\"3183ede\" data-element_type=\"container\" data-e-type=\"container\">\n\t\t\t\t\t<div class=\"e-con-inner\">\n\t\t\t\t<div class=\"elementor-element elementor-element-c1af3a7 elementor-widget-divider--view-line elementor-widget elementor-widget-divider\" data-id=\"c1af3a7\" data-element_type=\"widget\" data-e-type=\"widget\" data-widget_type=\"divider.default\">\n\t\t\t\t<div class=\"elementor-widget-container\">\n\t\t\t\t\t\t\t<div class=\"elementor-divider\">\n\t\t\t<span class=\"elementor-divider-separator\">\n\t\t\t\t\t\t<\/span>\n\t\t<\/div>\n\t\t\t\t\t\t<\/div>\n\t\t\t\t<\/div>\n\t\t\t\t\t<\/div>\n\t\t\t\t<\/div>\n\t\t<div class=\"elementor-element elementor-element-f5e38c7 e-flex e-con-boxed e-con e-parent\" data-id=\"f5e38c7\" data-element_type=\"container\" data-e-type=\"container\">\n\t\t\t\t\t<div class=\"e-con-inner\">\n\t\t<div class=\"elementor-element elementor-element-381867d e-con-full e-flex e-con e-child\" data-id=\"381867d\" data-element_type=\"container\" data-e-type=\"container\">\n\t\t\t\t<div class=\"elementor-element elementor-element-9019ea6 elementor-widget elementor-widget-image\" data-id=\"9019ea6\" data-element_type=\"widget\" data-e-type=\"widget\" data-widget_type=\"image.default\">\n\t\t\t\t<div class=\"elementor-widget-container\">\n\t\t\t\t\t\t\t\t\t\t\t\t\t\t\t<img fetchpriority=\"high\" decoding=\"async\" width=\"1024\" height=\"683\" src=\"https:\/\/lumi-edu.fr\/wp-content\/uploads\/2024\/06\/jason-goodman-vbxyFxlgpjM-unsplash-1024x683.jpg\" class=\"attachment-large size-large wp-image-112\" alt=\"\" srcset=\"https:\/\/lumi-edu.fr\/wp-content\/uploads\/2024\/06\/jason-goodman-vbxyFxlgpjM-unsplash-1024x683.jpg 1024w, https:\/\/lumi-edu.fr\/wp-content\/uploads\/2024\/06\/jason-goodman-vbxyFxlgpjM-unsplash-300x200.jpg 300w, https:\/\/lumi-edu.fr\/wp-content\/uploads\/2024\/06\/jason-goodman-vbxyFxlgpjM-unsplash-768x512.jpg 768w, https:\/\/lumi-edu.fr\/wp-content\/uploads\/2024\/06\/jason-goodman-vbxyFxlgpjM-unsplash-1536x1024.jpg 1536w, https:\/\/lumi-edu.fr\/wp-content\/uploads\/2024\/06\/jason-goodman-vbxyFxlgpjM-unsplash-2048x1365.jpg 2048w\" sizes=\"(max-width: 1024px) 100vw, 1024px\" \/>\t\t\t\t\t\t\t\t\t\t\t\t\t\t\t<\/div>\n\t\t\t\t<\/div>\n\t\t\t\t<\/div>\n\t\t<div class=\"elementor-element elementor-element-15628bb e-con-full e-flex e-con e-child\" data-id=\"15628bb\" data-element_type=\"container\" data-e-type=\"container\">\n\t\t<div class=\"elementor-element elementor-element-803c21d e-con-full e-flex e-con e-child\" data-id=\"803c21d\" data-element_type=\"container\" data-e-type=\"container\">\n\t\t\t\t<div class=\"elementor-element elementor-element-06a837f elementor-widget elementor-widget-heading\" data-id=\"06a837f\" data-element_type=\"widget\" data-e-type=\"widget\" data-widget_type=\"heading.default\">\n\t\t\t\t<div class=\"elementor-widget-container\">\n\t\t\t\t\t<h2 class=\"elementor-heading-title elementor-size-default\">La gestion des \u00e9crans, discutons-en !<\/h2>\t\t\t\t<\/div>\n\t\t\t\t<\/div>\n\t\t\t\t<div class=\"elementor-element elementor-element-a72c7e4 elementor-widget elementor-widget-text-editor\" data-id=\"a72c7e4\" data-element_type=\"widget\" data-e-type=\"widget\" data-widget_type=\"text-editor.default\">\n\t\t\t\t<div class=\"elementor-widget-container\">\n\t\t\t\t\t\t\t\t\t<p><span style=\"font-weight: 400;\">Dans cet atelier interactif, les parents partagent leurs exp\u00e9riences et \u00e9changent des conseils pratiques sur la gestion des \u00e9crans \u00e0 la maison. L&rsquo;apport d&rsquo;interview-t\u00e9moignages permet d&rsquo;alimenter le d\u00e9bat et d&rsquo;\u00e9laborer des strat\u00e9gies adapt\u00e9es \u00e0 chaque situation pour r\u00e9guler l&rsquo;usage des \u00e9crans, encourager des activit\u00e9s alternatives, et favoriser des conversations ouvertes sur l\u2019utilisation responsable des m\u00e9dias num\u00e9riques au sein de la famille.<\/span><\/p>\t\t\t\t\t\t\t\t<\/div>\n\t\t\t\t<\/div>\n\t\t\t\t<div class=\"elementor-element elementor-element-9288966 elementor-widget__width-initial elementor-view-default elementor-widget elementor-widget-icon\" data-id=\"9288966\" data-element_type=\"widget\" data-e-type=\"widget\" data-widget_type=\"icon.default\">\n\t\t\t\t<div class=\"elementor-widget-container\">\n\t\t\t\t\t\t\t<div class=\"elementor-icon-wrapper\">\n\t\t\t<a class=\"elementor-icon\" href=\"https:\/\/lumi-edu.fr\/index.php\/page-en-cours-delaboration\/\">\n\t\t\t<svg aria-hidden=\"true\" class=\"e-font-icon-svg e-far-arrow-alt-circle-right\" viewBox=\"0 0 512 512\" xmlns=\"http:\/\/www.w3.org\/2000\/svg\"><path d=\"M504 256C504 119 393 8 256 8S8 119 8 256s111 248 248 248 248-111 248-248zm-448 0c0-110.5 89.5-200 200-200s200 89.5 200 200-89.5 200-200 200S56 366.5 56 256zm72 20v-40c0-6.6 5.4-12 12-12h116v-67c0-10.7 12.9-16 20.5-8.5l99 99c4.7 4.7 4.7 12.3 0 17l-99 99c-7.6 7.6-20.5 2.2-20.5-8.5v-67H140c-6.6 0-12-5.4-12-12z\"><\/path><\/svg>\t\t\t<\/a>\n\t\t<\/div>\n\t\t\t\t\t\t<\/div>\n\t\t\t\t<\/div>\n\t\t\t\t<\/div>\n\t\t\t\t<\/div>\n\t\t\t\t\t<\/div>\n\t\t\t\t<\/div>\n\t\t<div class=\"elementor-element elementor-element-66e579a e-flex e-con-boxed e-con e-parent\" data-id=\"66e579a\" data-element_type=\"container\" data-e-type=\"container\">\n\t\t\t\t\t<div class=\"e-con-inner\">\n\t\t<div class=\"elementor-element elementor-element-a6153e7 e-con-full e-flex e-con e-child\" data-id=\"a6153e7\" data-element_type=\"container\" data-e-type=\"container\">\n\t\t<div class=\"elementor-element elementor-element-b4aa4c0 e-con-full e-flex e-con e-child\" data-id=\"b4aa4c0\" data-element_type=\"container\" data-e-type=\"container\">\n\t\t\t\t<div class=\"elementor-element elementor-element-921b703 elementor-widget elementor-widget-heading\" data-id=\"921b703\" data-element_type=\"widget\" data-e-type=\"widget\" data-widget_type=\"heading.default\">\n\t\t\t\t<div class=\"elementor-widget-container\">\n\t\t\t\t\t<h2 class=\"elementor-heading-title elementor-size-default\">Sensibilisation \u00e0 l'influence des images sur les enfants <\/h2>\t\t\t\t<\/div>\n\t\t\t\t<\/div>\n\t\t\t\t<div class=\"elementor-element elementor-element-ebff699 elementor-widget elementor-widget-text-editor\" data-id=\"ebff699\" data-element_type=\"widget\" data-e-type=\"widget\" data-widget_type=\"text-editor.default\">\n\t\t\t\t<div class=\"elementor-widget-container\">\n\t\t\t\t\t\t\t\t\t<p><span style=\"font-weight: 400;\">Bien souvent, les parents ne mesurent pas l\u2019impact d&rsquo;une exposition excessive aux m\u00e9dias visuels sur le d\u00e9veloppement cognitif des enfants ainsi que sur leur repr\u00e9sentation du monde. Cet atelier apporte des \u00e9l\u00e9ments de r\u00e9ponse objectifs \u00e0 partir des \u00e9tudes sur le sujet, d&rsquo;analyses d&rsquo;images et d&rsquo;extraits du film <\/span><i><span style=\"font-weight: 400;\">Et si on levait les yeux\u00a0?<\/span><\/i><span style=\"font-weight: 400;\"> de Gilles Vernet. Cette prise de conscience doit permettre aux parents de faire du rapport aux \u00e9crans une priorit\u00e9 \u00e9ducative pour eux-m\u00eame et pour leurs enfants.<\/span><\/p>\t\t\t\t\t\t\t\t<\/div>\n\t\t\t\t<\/div>\n\t\t\t\t<div class=\"elementor-element elementor-element-e9f7912 elementor-widget__width-initial elementor-view-default elementor-widget elementor-widget-icon\" data-id=\"e9f7912\" data-element_type=\"widget\" data-e-type=\"widget\" data-widget_type=\"icon.default\">\n\t\t\t\t<div class=\"elementor-widget-container\">\n\t\t\t\t\t\t\t<div class=\"elementor-icon-wrapper\">\n\t\t\t<a class=\"elementor-icon\" href=\"https:\/\/lumi-edu.fr\/index.php\/page-en-cours-delaboration\/\">\n\t\t\t<svg aria-hidden=\"true\" class=\"e-font-icon-svg e-far-arrow-alt-circle-right\" viewBox=\"0 0 512 512\" xmlns=\"http:\/\/www.w3.org\/2000\/svg\"><path d=\"M504 256C504 119 393 8 256 8S8 119 8 256s111 248 248 248 248-111 248-248zm-448 0c0-110.5 89.5-200 200-200s200 89.5 200 200-89.5 200-200 200S56 366.5 56 256zm72 20v-40c0-6.6 5.4-12 12-12h116v-67c0-10.7 12.9-16 20.5-8.5l99 99c4.7 4.7 4.7 12.3 0 17l-99 99c-7.6 7.6-20.5 2.2-20.5-8.5v-67H140c-6.6 0-12-5.4-12-12z\"><\/path><\/svg>\t\t\t<\/a>\n\t\t<\/div>\n\t\t\t\t\t\t<\/div>\n\t\t\t\t<\/div>\n\t\t\t\t<\/div>\n\t\t\t\t<\/div>\n\t\t<div class=\"elementor-element elementor-element-8d15149 e-con-full e-flex e-con e-child\" data-id=\"8d15149\" data-element_type=\"container\" data-e-type=\"container\">\n\t\t\t\t<div class=\"elementor-element elementor-element-34dc713 elementor-widget elementor-widget-image\" data-id=\"34dc713\" data-element_type=\"widget\" data-e-type=\"widget\" data-widget_type=\"image.default\">\n\t\t\t\t<div class=\"elementor-widget-container\">\n\t\t\t\t\t\t\t\t\t\t\t\t\t\t\t<img decoding=\"async\" width=\"1024\" height=\"684\" src=\"https:\/\/lumi-edu.fr\/wp-content\/uploads\/2024\/06\/guillaume-de-germain-fgmLRBlUIpc-unsplash-1024x684.jpg\" class=\"attachment-large size-large wp-image-113\" alt=\"\" srcset=\"https:\/\/lumi-edu.fr\/wp-content\/uploads\/2024\/06\/guillaume-de-germain-fgmLRBlUIpc-unsplash-1024x684.jpg 1024w, https:\/\/lumi-edu.fr\/wp-content\/uploads\/2024\/06\/guillaume-de-germain-fgmLRBlUIpc-unsplash-300x200.jpg 300w, https:\/\/lumi-edu.fr\/wp-content\/uploads\/2024\/06\/guillaume-de-germain-fgmLRBlUIpc-unsplash-768x513.jpg 768w, https:\/\/lumi-edu.fr\/wp-content\/uploads\/2024\/06\/guillaume-de-germain-fgmLRBlUIpc-unsplash-1536x1025.jpg 1536w, https:\/\/lumi-edu.fr\/wp-content\/uploads\/2024\/06\/guillaume-de-germain-fgmLRBlUIpc-unsplash-2048x1367.jpg 2048w\" sizes=\"(max-width: 1024px) 100vw, 1024px\" \/>\t\t\t\t\t\t\t\t\t\t\t\t\t\t\t<\/div>\n\t\t\t\t<\/div>\n\t\t\t\t<\/div>\n\t\t\t\t\t<\/div>\n\t\t\t\t<\/div>\n\t\t<div class=\"elementor-element elementor-element-646f719 e-flex e-con-boxed e-con e-parent\" data-id=\"646f719\" data-element_type=\"container\" data-e-type=\"container\">\n\t\t\t\t\t<div class=\"e-con-inner\">\n\t\t<div class=\"elementor-element elementor-element-7828d84 e-con-full e-flex e-con e-child\" data-id=\"7828d84\" data-element_type=\"container\" data-e-type=\"container\">\n\t\t\t\t<div class=\"elementor-element elementor-element-a246850 elementor-widget elementor-widget-image\" data-id=\"a246850\" data-element_type=\"widget\" data-e-type=\"widget\" data-widget_type=\"image.default\">\n\t\t\t\t<div class=\"elementor-widget-container\">\n\t\t\t\t\t\t\t\t\t\t\t\t\t\t\t<img decoding=\"async\" width=\"1024\" height=\"683\" src=\"https:\/\/lumi-edu.fr\/wp-content\/uploads\/2024\/06\/headway-5QgIuuBxKwM-unsplash-1024x683.jpg\" class=\"attachment-large size-large wp-image-114\" alt=\"\" srcset=\"https:\/\/lumi-edu.fr\/wp-content\/uploads\/2024\/06\/headway-5QgIuuBxKwM-unsplash-1024x683.jpg 1024w, https:\/\/lumi-edu.fr\/wp-content\/uploads\/2024\/06\/headway-5QgIuuBxKwM-unsplash-300x200.jpg 300w, https:\/\/lumi-edu.fr\/wp-content\/uploads\/2024\/06\/headway-5QgIuuBxKwM-unsplash-768x512.jpg 768w, https:\/\/lumi-edu.fr\/wp-content\/uploads\/2024\/06\/headway-5QgIuuBxKwM-unsplash-1536x1024.jpg 1536w, https:\/\/lumi-edu.fr\/wp-content\/uploads\/2024\/06\/headway-5QgIuuBxKwM-unsplash-2048x1365.jpg 2048w\" sizes=\"(max-width: 1024px) 100vw, 1024px\" \/>\t\t\t\t\t\t\t\t\t\t\t\t\t\t\t<\/div>\n\t\t\t\t<\/div>\n\t\t\t\t<\/div>\n\t\t<div class=\"elementor-element elementor-element-3393a85 e-con-full e-flex e-con e-child\" data-id=\"3393a85\" data-element_type=\"container\" data-e-type=\"container\">\n\t\t<div class=\"elementor-element elementor-element-7a5c748 e-con-full e-flex e-con e-child\" data-id=\"7a5c748\" data-element_type=\"container\" data-e-type=\"container\">\n\t\t\t\t<div class=\"elementor-element elementor-element-2e7c1eb elementor-widget elementor-widget-heading\" data-id=\"2e7c1eb\" data-element_type=\"widget\" data-e-type=\"widget\" data-widget_type=\"heading.default\">\n\t\t\t\t<div class=\"elementor-widget-container\">\n\t\t\t\t\t<h2 class=\"elementor-heading-title elementor-size-default\">Comment r\u00e9agir face \u00e0 la d\u00e9pendance?<\/h2>\t\t\t\t<\/div>\n\t\t\t\t<\/div>\n\t\t\t\t<div class=\"elementor-element elementor-element-afa559f elementor-widget elementor-widget-text-editor\" data-id=\"afa559f\" data-element_type=\"widget\" data-e-type=\"widget\" data-widget_type=\"text-editor.default\">\n\t\t\t\t<div class=\"elementor-widget-container\">\n\t\t\t\t\t\t\t\t\t<p><span style=\"font-weight: 400;\">Le puissant attrait exerc\u00e9 par les jeux vid\u00e9os ou les r\u00e9seaux sociaux peut cr\u00e9er un rapport de force entre les enfants et les parents soucieux de limiter le temps d&rsquo;\u00e9cran. Comment r\u00e9agir face \u00e0 une situation de blocage? \u00c0 partir d&rsquo;un partage d&rsquo;exp\u00e9rience et de l&rsquo;apport de ressources pour d\u00e9tecter les signes de d\u00e9pendance et les moyens d&rsquo;intervenir, cet atelier ouvre des pistes pour reprendre espoir et avancer vers une saine utilisation des m\u00e9dias num\u00e9riques.<\/span><\/p>\t\t\t\t\t\t\t\t<\/div>\n\t\t\t\t<\/div>\n\t\t\t\t<div class=\"elementor-element elementor-element-f3000ee elementor-widget__width-initial elementor-view-default elementor-widget elementor-widget-icon\" data-id=\"f3000ee\" data-element_type=\"widget\" data-e-type=\"widget\" data-widget_type=\"icon.default\">\n\t\t\t\t<div class=\"elementor-widget-container\">\n\t\t\t\t\t\t\t<div class=\"elementor-icon-wrapper\">\n\t\t\t<a class=\"elementor-icon\" href=\"https:\/\/lumi-edu.fr\/index.php\/page-en-cours-delaboration\/\">\n\t\t\t<svg aria-hidden=\"true\" class=\"e-font-icon-svg e-far-arrow-alt-circle-right\" viewBox=\"0 0 512 512\" xmlns=\"http:\/\/www.w3.org\/2000\/svg\"><path d=\"M504 256C504 119 393 8 256 8S8 119 8 256s111 248 248 248 248-111 248-248zm-448 0c0-110.5 89.5-200 200-200s200 89.5 200 200-89.5 200-200 200S56 366.5 56 256zm72 20v-40c0-6.6 5.4-12 12-12h116v-67c0-10.7 12.9-16 20.5-8.5l99 99c4.7 4.7 4.7 12.3 0 17l-99 99c-7.6 7.6-20.5 2.2-20.5-8.5v-67H140c-6.6 0-12-5.4-12-12z\"><\/path><\/svg>\t\t\t<\/a>\n\t\t<\/div>\n\t\t\t\t\t\t<\/div>\n\t\t\t\t<\/div>\n\t\t\t\t<\/div>\n\t\t\t\t<\/div>\n\t\t\t\t\t<\/div>\n\t\t\t\t<\/div>\n\t\t\t\t<\/div>\n\t\t","protected":false},"excerpt":{"rendered":"<p>Sensibilisation des parents Ces ateliers d\u00e9di\u00e9s aux parents, visent \u00e0 partager des outils et des connaissances pour mieux g\u00e9rer l\u2019usage des \u00e9crans par leurs enfants. Echanges et Apports aident les parents \u00e0 comprendre l\u2019influence des images sur les jeunes et \u00e0 instaurer des habitudes num\u00e9riques saines. Cette d\u00e9marche s&rsquo;inscrit dans la ligne de la Commission&#8230;<\/p>\n","protected":false},"author":2,"featured_media":0,"parent":0,"menu_order":0,"comment_status":"closed","ping_status":"closed","template":"elementor_header_footer","meta":{"_kad_post_transparent":"","_kad_post_title":"hide","_kad_post_layout":"fullwidth","_kad_post_sidebar_id":"","_kad_post_content_style":"unboxed","_kad_post_vertical_padding":"hide","_kad_post_feature":"hide","_kad_post_feature_position":"","_kad_post_header":false,"_kad_post_footer":false,"footnotes":""},"class_list":["post-102","page","type-page","status-publish","hentry"],"_links":{"self":[{"href":"https:\/\/lumi-edu.fr\/index.php\/wp-json\/wp\/v2\/pages\/102","targetHints":{"allow":["GET"]}}],"collection":[{"href":"https:\/\/lumi-edu.fr\/index.php\/wp-json\/wp\/v2\/pages"}],"about":[{"href":"https:\/\/lumi-edu.fr\/index.php\/wp-json\/wp\/v2\/types\/page"}],"author":[{"embeddable":true,"href":"https:\/\/lumi-edu.fr\/index.php\/wp-json\/wp\/v2\/users\/2"}],"replies":[{"embeddable":true,"href":"https:\/\/lumi-edu.fr\/index.php\/wp-json\/wp\/v2\/comments?post=102"}],"version-history":[{"count":37,"href":"https:\/\/lumi-edu.fr\/index.php\/wp-json\/wp\/v2\/pages\/102\/revisions"}],"predecessor-version":[{"id":701,"href":"https:\/\/lumi-edu.fr\/index.php\/wp-json\/wp\/v2\/pages\/102\/revisions\/701"}],"wp:attachment":[{"href":"https:\/\/lumi-edu.fr\/index.php\/wp-json\/wp\/v2\/media?parent=102"}],"curies":[{"name":"wp","href":"https:\/\/api.w.org\/{rel}","templated":true}]}}